{"id":2,"date":"2019-09-06T14:05:20","date_gmt":"2019-09-06T14:05:20","guid":{"rendered":"http:\/\/51.91.156.91\/?page_id=2"},"modified":"2020-06-12T14:52:52","modified_gmt":"2020-06-12T14:52:52","slug":"cabinetpsychologiebeauvais","status":"publish","type":"page","link":"http:\/\/psychologuebeauvais.fr\/","title":{"rendered":"Myriam BEN ALLEL"},"content":{"rendered":"\n<p style=\"text-align:center\" class=\"has-medium-font-size\"><strong>Psychologue pour enfant, adolescent, adulte \u00e0 Beauvais<\/strong><\/p>\n\n\n\n<hr class=\"wp-block-separator\"\/>\n\n\n\n<div itemprop=\"location\" itemscope itemtype=\"http:\/\/schema.org\/Organization\" class=\"wp-block-jetpack-contact-info\">\n<div class=\"wp-block-image\"><figure class=\"aligncenter\"><img loading=\"lazy\" width=\"169\" height=\"300\" src=\"http:\/\/psychologuebeauvais.fr\/wp-content\/uploads\/2019\/11\/20191112_114716-1-169x300.jpg\" alt=\"\" class=\"wp-image-218\" srcset=\"http:\/\/psychologuebeauvais.fr\/wp-content\/uploads\/2019\/11\/20191112_114716-1-169x300.jpg 169w, http:\/\/psychologuebeauvais.fr\/wp-content\/uploads\/2019\/11\/20191112_114716-1-768x1365.jpg 768w, http:\/\/psychologuebeauvais.fr\/wp-content\/uploads\/2019\/11\/20191112_114716-1-576x1024.jpg 576w, http:\/\/psychologuebeauvais.fr\/wp-content\/uploads\/2019\/11\/20191112_114716-1-1140x2027.jpg 1140w, http:\/\/psychologuebeauvais.fr\/wp-content\/uploads\/2019\/11\/20191112_114716-1.jpg 1890w\" sizes=\"(max-width: 169px) 100vw, 169px\" \/><\/figure><\/div>\n<\/div>\n\n\n\n<p style=\"color:#000000;text-align:center\" class=\"has-text-color\"><em>Vous ou votre enfant rencontrez des difficult\u00e9s dans votre quotidien   (personnelles, relationnelles, familiales, etc.) , <br>je vous propose de vous recevoir au cabinet afin de comprendre ensemble comment les analyser et les d\u00e9passer.  <br><br>La premi\u00e8re rencontre n\u2019engage pas n\u00e9cessairement dans une d\u00e9marche th\u00e9rapeutique. Elle permet d&rsquo;exprimer ce qui vous am\u00e8ne \u00e0 consulter afin que nous identifiions ensemble vos besoins.  Ce temps va \u00e9galement permettre de vous proposer un accompagnement adapt\u00e9 : consultation, suivi psychologique, psychoth\u00e9rapie, dont nous discuterons ensemble des modalit\u00e9s. <\/em><strong><em><br><\/em><\/strong><em><br>Je propose \u00e9galement un accompagnement autour de la difficult\u00e9 maternelle\/parentale (attente, accouchement, baby blues, d\u00e9pression post-partum, difficult\u00e9 relationnelle, &#8230; ) <\/em><strong><em> <\/em><\/strong><\/p>\n\n\n\n<hr class=\"wp-block-separator\"\/>\n","protected":false},"excerpt":{"rendered":"<p>Psychologue pour enfant, adolescent, adulte \u00e0 Beauvais Vous ou votre enfant rencontrez des difficult\u00e9s dans votre quotidien (personnelles, relationnelles, familiales, etc.) , je vous propose de vous recevoir au cabinet afin de comprendre ensemble comment les analyser et les d\u00e9passer. La premi\u00e8re rencontre n\u2019engage pas n\u00e9cessairement dans une d\u00e9marche th\u00e9rapeutique. Elle permet d&rsquo;exprimer ce qui vous am\u00e8ne \u00e0 consulter afin que nous identifiions ensemble vos besoins. Ce temps va \u00e9galement permettre de vous proposer un accompagnement adapt\u00e9 : consultation, suivi psychologique, psychoth\u00e9rapie, dont nous discuterons ensemble des modalit\u00e9s. Je propose \u00e9galement un accompagnement autour de la difficult\u00e9 maternelle\/parentale (attente, accouchement, baby blues, d\u00e9pression post-partum, difficult\u00e9 relationnelle, &#8230; )<\/p>\n","protected":false},"author":1,"featured_media":0,"parent":0,"menu_order":0,"comment_status":"closed","ping_status":"open","template":"","meta":{"spay_email":""},"_links":{"self":[{"href":"http:\/\/psychologuebeauvais.fr\/index.php\/wp-json\/wp\/v2\/pages\/2"}],"collection":[{"href":"http:\/\/psychologuebeauvais.fr\/index.php\/wp-json\/wp\/v2\/pages"}],"about":[{"href":"http:\/\/psychologuebeauvais.fr\/index.php\/wp-json\/wp\/v2\/types\/page"}],"author":[{"embeddable":true,"href":"http:\/\/psychologuebeauvais.fr\/index.php\/wp-json\/wp\/v2\/users\/1"}],"replies":[{"embeddable":true,"href":"http:\/\/psychologuebeauvais.fr\/index.php\/wp-json\/wp\/v2\/comments?post=2"}],"version-history":[{"count":20,"href":"http:\/\/psychologuebeauvais.fr\/index.php\/wp-json\/wp\/v2\/pages\/2\/revisions"}],"predecessor-version":[{"id":308,"href":"http:\/\/psychologuebeauvais.fr\/index.php\/wp-json\/wp\/v2\/pages\/2\/revisions\/308"}],"wp:attachment":[{"href":"http:\/\/psychologuebeauvais.fr\/index.php\/wp-json\/wp\/v2\/media?parent=2"}],"curies":[{"name":"wp","href":"https:\/\/api.w.org\/{rel}","templated":true}]}}